{"id":188,"date":"2025-07-08T17:42:40","date_gmt":"2025-07-08T17:42:40","guid":{"rendered":"https:\/\/wortspalterei.ch\/?page_id=188"},"modified":"2025-09-01T06:17:27","modified_gmt":"2025-09-01T06:17:27","slug":"testimonials-2","status":"publish","type":"page","link":"https:\/\/wortspalterei.ch\/?page_id=188","title":{"rendered":"Testimonials"},"content":{"rendered":"<h2 style=\"text-align: center;\">Das sagen andere \u00fcber mich und meine Dienstleistungen &#8230;<\/h2>\n<p><!--! Font Awesome Free 6.7.1 by @fontawesome - https:\/\/fontawesome.com License - https:\/\/fontawesome.com\/license\/free (Icons: CC BY 4.0, Fonts: SIL OFL 1.1, Code: MIT License) Copyright 2024 Fonticons, Inc. --><\/p>\n<h4 style=\"\"><span data-option-inline=\"1\" data-shortcode=\"tvo_testimonial_title\" data-shortcode-name=\"Testimonial title\">Doktorarbeit<\/span><\/h4>\n<p><span data-extra_key=\"\" data-option-inline=\"1\" data-shortcode=\"tvo_testimonial_content\"><\/p>\n<p>Martina hat mir beim Korrekturlesen meiner juristischen Doktorarbeit mit Rat und Tat beiseite gestanden \u2013 von der Erstkontaktaufnahme, dem Einhalten der vereinbarten Zwischenliefer- sowie dem Endliefertermin bis zur inhaltlichen Qualit\u00e4t und Genauigkeit kann ich Martina und die Wortspalterei fachlich wie menschlich nur vorbehaltlos empfehlen. Vielen Dank, Martina!<\/p>\n<p><\/span><span data-extra_key=\"\" data-option-inline=\"1\" data-shortcode=\"tvo_testimonial_author\">Martin S.<\/span><span data-attr-default=\"\" data-extra_key=\"\" data-option-inline=\"1\" data-shortcode=\"tvo_testimonial_role\" data-shortcode-name=\"Role\/Occupation\"><\/span><!--! Font Awesome Free 6.7.1 by @fontawesome - https:\/\/fontawesome.com License - https:\/\/fontawesome.com\/license\/free (Icons: CC BY 4.0, Fonts: SIL OFL 1.1, Code: MIT License) Copyright 2024 Fonticons, Inc. --><\/p>\n<h4 style=\"\"><span data-option-inline=\"1\" data-shortcode=\"tvo_testimonial_title\" data-shortcode-name=\"Testimonial title\">Die ewz (Deutschland) GmbH, &#8230;<\/span><\/h4>\n<p><span data-extra_key=\"\" data-option-inline=\"1\" data-shortcode=\"tvo_testimonial_content\"><\/p>\n<p>&#8230; ein Unternehmen des Elektrit\u00e4tswerks der Stadt Z\u00fcrich, vertraut seit dem Jahr 2022 f\u00fcr ihren Gesch\u00e4ftsbericht auf Dr. iur. Martina Pl\u00fcss und die Wortspalterei GmbH. Dank ihres scharfen Blicks f\u00fcr Details und ihrer umfassenden Expertise sorgt sie daf\u00fcr, dass die Inhalte klar formuliert sind. Ich kann sie uneingeschr\u00e4nkt empfehlen \u2013 sie ist eine unsch\u00e4tzbare Unterst\u00fctzung f\u00fcr jedes Unternehmen, das sich mit rechtlichen Texten auseinandersetzt.<\/p>\n<p><\/span><span data-extra_key=\"\" data-option-inline=\"1\" data-shortcode=\"tvo_testimonial_author\">Heike Vella<\/span><span data-attr-default=\"\" data-extra_key=\"\" data-option-inline=\"1\" data-shortcode=\"tvo_testimonial_role\" data-shortcode-name=\"Role\/Occupation\">ewz, Beteiligungsmanagement<\/span><!--! Font Awesome Free 6.7.1 by @fontawesome - https:\/\/fontawesome.com License - https:\/\/fontawesome.com\/license\/free (Icons: CC BY 4.0, Fonts: SIL OFL 1.1, Code: MIT License) Copyright 2024 Fonticons, Inc. --><\/p>\n<h4 style=\"\"><span data-option-inline=\"1\" data-shortcode=\"tvo_testimonial_title\" data-shortcode-name=\"Testimonial title\">Freundlich, effizient, pr\u00e4zis<\/span><\/h4>\n<p><span data-extra_key=\"\" data-option-inline=\"1\" data-shortcode=\"tvo_testimonial_content\"><\/p>\n<p>Juristische Texte konzise und auch f\u00fcr Laien verst\u00e4ndlich zu formulieren ist eine hohe Kunst, die Martina Pl\u00fcss bestens gemeistert hat. Die Zusammenarbeit mit ihr war stets sehr ergiebig, effizient und angenehm.<\/p>\n<p><\/span><span data-extra_key=\"\" data-option-inline=\"1\" data-shortcode=\"tvo_testimonial_author\">Michael Bucher und Simon Mettler<\/span><span data-attr-default=\"\" data-extra_key=\"\" data-option-inline=\"1\" data-shortcode=\"tvo_testimonial_role\" data-shortcode-name=\"Role\/Occupation\">Rechtsanw\u00e4lte, FamPlus AG, Co-Autoren des Beobachter Ratgebers \u00abFaire Scheidung\u00bb<\/span><!--! Font Awesome Free 6.7.1 by @fontawesome - https:\/\/fontawesome.com License - https:\/\/fontawesome.com\/license\/free (Icons: CC BY 4.0, Fonts: SIL OFL 1.1, Code: MIT License) Copyright 2024 Fonticons, Inc. --><\/p>\n<h4 style=\"\"><span data-option-inline=\"1\" data-shortcode=\"tvo_testimonial_title\" data-shortcode-name=\"Testimonial title\">Better together<\/span><\/h4>\n<p><span data-extra_key=\"\" data-option-inline=\"1\" data-shortcode=\"tvo_testimonial_content\"><\/p>\n<p>Die Zusammenarbeit war f\u00fcr mich ein super Erlebnis, da ich mich in meinem Fachgebiet zwar gut auskenne, aber als Legasthenikerin trotz Autokorrektur extrem froh war, mit der Wortspalterei eine so kompetente Agentur mit an Bord zu haben. F\u00fcr mich und mein Beobachter-Buch die beste Partnerin mit Wort- und Orthografiegewandtheit.<\/p>\n<p><\/span><span data-extra_key=\"\" data-option-inline=\"1\" data-shortcode=\"tvo_testimonial_author\">Isabelle Siegrist<\/span><span data-attr-default=\"\" data-extra_key=\"\" data-option-inline=\"1\" data-shortcode=\"tvo_testimonial_role\" data-shortcode-name=\"Role\/Occupation\">CEO Sandborn GmbH<\/span><!--! Font Awesome Free 6.7.1 by @fontawesome - https:\/\/fontawesome.com License - https:\/\/fontawesome.com\/license\/free (Icons: CC BY 4.0, Fonts: SIL OFL 1.1, Code: MIT License) Copyright 2024 Fonticons, Inc. --><\/p>\n<h4 style=\"\"><span data-option-inline=\"1\" data-shortcode=\"tvo_testimonial_title\" data-shortcode-name=\"Testimonial title\">Unglaublich gut!<\/span><\/h4>\n<p><span data-extra_key=\"\" data-option-inline=\"1\" data-shortcode=\"tvo_testimonial_content\"><\/p>\n<p>Ich hatte das Vergn\u00fcgen, mit und durch Martinas Hilfe ein Buch in der Schweiz auf den Markt zu bringen. Die Zusammenarbeit mit Martina war nicht nur h\u00f6chst professionell, sondern hat auch noch unglaublich Spass gemacht. Eine sehr seltene Kombination, die ich immer noch sehr zu sch\u00e4tzen weiss. Martina hat mein Skript nicht einfach nur mechanisch lektoriert, sondern mich und die beschriebene Thematik ebenso herausgefordert. Die damit verbundenen Gespr\u00e4che haben geholfen, die Struktur zu verbessern und den f\u00fcr die Leser notwendigen Fokus zu setzen. Damit steht eins fest: Sobald sich mir wieder die Chance f\u00fcr eine Publikation im deutschsprachigen Raum bietet, wird Martina meine erste und einzige Wahl f\u00fcr das Lektorat sein.<\/p>\n<p><\/span><span data-extra_key=\"\" data-option-inline=\"1\" data-shortcode=\"tvo_testimonial_author\">Markus Rach<\/span><span data-attr-default=\"\" data-extra_key=\"\" data-option-inline=\"1\" data-shortcode=\"tvo_testimonial_role\" data-shortcode-name=\"Role\/Occupation\">Professor China \/ UAE<\/span><!--! Font Awesome Free 6.7.1 by @fontawesome - https:\/\/fontawesome.com License - https:\/\/fontawesome.com\/license\/free (Icons: CC BY 4.0, Fonts: SIL OFL 1.1, Code: MIT License) Copyright 2024 Fonticons, Inc. --><\/p>\n<h4 style=\"\"><span data-option-inline=\"1\" data-shortcode=\"tvo_testimonial_title\" data-shortcode-name=\"Testimonial title\">Als Jurist ist es f\u00fcr mich entscheidend, &#8230;<\/span><\/h4>\n<p><span data-extra_key=\"\" data-option-inline=\"1\" data-shortcode=\"tvo_testimonial_content\"><\/p>\n<p>&#8230; dass meine Texte nicht nur sprachlich einwandfrei, sondern auch inhaltlich pr\u00e4zise sind. Bei der Wortspalterei finde ich genau das. Dr. iur. Martina Pl\u00fcss kombiniert das Verst\u00e4ndnis f\u00fcr die juristische Fachterminologie mit der F\u00e4higkeit, komplexe Inhalte klar und verst\u00e4ndlich zu formulieren. Sie geht \u00fcber die blosse Fehlerkorrektur hinaus und stellt sicher, dass die rechtlichen Argumente schl\u00fcssig sind \u2013 sie weiss genau, worauf es ankommt und welche Nuancen in juristischen Texten massgebend sind. Nicht zuletzt macht ihre Expertise als Rechtsanw\u00e4ltin den Unterschied. Wenn Sie ein Korrektorat oder Lektorat f\u00fcr juristische Texte suchen, ist die Wortspalterei GmbH die einzige Adresse, die Sie kennen m\u00fcssen.<\/p>\n<p><\/span><span data-extra_key=\"\" data-option-inline=\"1\" data-shortcode=\"tvo_testimonial_author\">Prof. Dr. iur. Vito Roberto LL.M.<\/span><span data-attr-default=\"\" data-extra_key=\"\" data-option-inline=\"1\" data-shortcode=\"tvo_testimonial_role\" data-shortcode-name=\"Role\/Occupation\">Universit\u00e4t St. Gallen<\/span><!--! Font Awesome Free 6.7.1 by @fontawesome - https:\/\/fontawesome.com License - https:\/\/fontawesome.com\/license\/free (Icons: CC BY 4.0, Fonts: SIL OFL 1.1, Code: MIT License) Copyright 2024 Fonticons, Inc. --><\/p>\n<h4 style=\"\"><span data-option-inline=\"1\" data-shortcode=\"tvo_testimonial_title\" data-shortcode-name=\"Testimonial title\">Martina Pl\u00fcss hat &#8230;<\/span><\/h4>\n<p><span data-extra_key=\"\" data-option-inline=\"1\" data-shortcode=\"tvo_testimonial_content\"><\/p>\n<p>&#8230; schon viele unserer B\u00fccher als Lektorin begleitet. Dabei hat sie auch schwierige Texte souver\u00e4n, speditiv und sorgf\u00e4ltig in die gew\u00fcnschte Formt gebracht. Durch ihre unkomplizierte, sympathische Art gestaltet sich unsere Zusammenarbeit immer sehr erfreulich.<\/p>\n<p><\/span><span data-extra_key=\"\" data-option-inline=\"1\" data-shortcode=\"tvo_testimonial_author\">Fabienne Leisibach<\/span><span data-attr-default=\"\" data-extra_key=\"\" data-option-inline=\"1\" data-shortcode=\"tvo_testimonial_role\" data-shortcode-name=\"Role\/Occupation\">Beobachter-Edition, Projektleitung<\/span><a href=\"javascript:void(0)\"><span><span>Load More<\/span><\/span><\/a><\/p>\n","protected":false},"excerpt":{"rendered":"<p>Das sagen andere \u00fcber mich und meine Dienstleistungen &#8230; Doktorarbeit Martina hat mir beim Korrekturlesen meiner juristischen Doktorarbeit mit Rat und Tat beiseite gestanden \u2013 von der Erstkontaktaufnahme, dem Einhalten der vereinbarten Zwischenliefer- sowie dem Endliefertermin bis zur inhaltlichen Qualit\u00e4t und Genauigkeit kann ich Martina und die Wortspalterei fachlich wie menschlich nur vorbehaltlos empfehlen. Vielen [&hellip;]<\/p>\n","protected":false},"author":1,"featured_media":0,"parent":0,"menu_order":0,"comment_status":"closed","ping_status":"closed","template":"","meta":{"_monsterinsights_skip_tracking":false,"_monsterinsights_sitenote_active":false,"_monsterinsights_sitenote_note":"","_monsterinsights_sitenote_category":0,"footnotes":""},"class_list":["post-188","page","type-page","status-publish","hentry","post-wrapper","thrv_wrapper"],"yoast_head":"<!-- This site is optimized with the Yoast SEO plugin v27.5 - https:\/\/yoast.com\/product\/yoast-seo-wordpress\/ -->\n<title>Testimonials - Wortspalterei GmbH<\/title>\n<meta name=\"robots\" content=\"index, follow, max-snippet:-1, max-image-preview:large, max-video-preview:-1\" \/>\n<link rel=\"canonical\" href=\"https:\/\/wortspalterei.ch\/?page_id=188\" \/>\n<meta property=\"og:locale\" content=\"de_DE\" \/>\n<meta property=\"og:type\" content=\"article\" \/>\n<meta property=\"og:title\" content=\"Testimonials - Wortspalterei GmbH\" \/>\n<meta property=\"og:description\" content=\"Das sagen andere \u00fcber mich und meine Dienstleistungen &#8230; Doktorarbeit Martina hat mir beim Korrekturlesen meiner juristischen Doktorarbeit mit Rat und Tat beiseite gestanden \u2013 von der Erstkontaktaufnahme, dem Einhalten der vereinbarten Zwischenliefer- sowie dem Endliefertermin bis zur inhaltlichen Qualit\u00e4t und Genauigkeit kann ich Martina und die Wortspalterei fachlich wie menschlich nur vorbehaltlos empfehlen. Vielen [&hellip;]\" \/>\n<meta property=\"og:url\" content=\"https:\/\/wortspalterei.ch\/?page_id=188\" \/>\n<meta property=\"og:site_name\" content=\"Wortspalterei GmbH\" \/>\n<meta property=\"article:modified_time\" content=\"2025-09-01T06:17:27+00:00\" \/>\n<meta name=\"twitter:card\" content=\"summary_large_image\" \/>\n<meta name=\"twitter:label1\" content=\"Gesch\u00e4tzte Lesezeit\" \/>\n\t<meta name=\"twitter:data1\" content=\"1\u00a0Minute\" \/>\n<script type=\"application\/ld+json\" class=\"yoast-schema-graph\">{\"@context\":\"https:\\\/\\\/schema.org\",\"@graph\":[{\"@type\":\"WebPage\",\"@id\":\"https:\\\/\\\/wortspalterei.ch\\\/?page_id=188\",\"url\":\"https:\\\/\\\/wortspalterei.ch\\\/?page_id=188\",\"name\":\"Testimonials - Wortspalterei GmbH\",\"isPartOf\":{\"@id\":\"https:\\\/\\\/wortspalterei.ch\\\/#website\"},\"datePublished\":\"2025-07-08T17:42:40+00:00\",\"dateModified\":\"2025-09-01T06:17:27+00:00\",\"breadcrumb\":{\"@id\":\"https:\\\/\\\/wortspalterei.ch\\\/?page_id=188#breadcrumb\"},\"inLanguage\":\"de\",\"potentialAction\":[{\"@type\":\"ReadAction\",\"target\":[\"https:\\\/\\\/wortspalterei.ch\\\/?page_id=188\"]}]},{\"@type\":\"BreadcrumbList\",\"@id\":\"https:\\\/\\\/wortspalterei.ch\\\/?page_id=188#breadcrumb\",\"itemListElement\":[{\"@type\":\"ListItem\",\"position\":1,\"name\":\"Startseite\",\"item\":\"https:\\\/\\\/wortspalterei.ch\\\/\"},{\"@type\":\"ListItem\",\"position\":2,\"name\":\"Testimonials\"}]},{\"@type\":\"WebSite\",\"@id\":\"https:\\\/\\\/wortspalterei.ch\\\/#website\",\"url\":\"https:\\\/\\\/wortspalterei.ch\\\/\",\"name\":\"Wortspalterei GmbH\",\"description\":\"\",\"potentialAction\":[{\"@type\":\"SearchAction\",\"target\":{\"@type\":\"EntryPoint\",\"urlTemplate\":\"https:\\\/\\\/wortspalterei.ch\\\/?s={search_term_string}\"},\"query-input\":{\"@type\":\"PropertyValueSpecification\",\"valueRequired\":true,\"valueName\":\"search_term_string\"}}],\"inLanguage\":\"de\"}]}<\/script>\n<!-- \/ Yoast SEO plugin. -->","yoast_head_json":{"title":"Testimonials - Wortspalterei GmbH","robots":{"index":"index","follow":"follow","max-snippet":"max-snippet:-1","max-image-preview":"max-image-preview:large","max-video-preview":"max-video-preview:-1"},"canonical":"https:\/\/wortspalterei.ch\/?page_id=188","og_locale":"de_DE","og_type":"article","og_title":"Testimonials - Wortspalterei GmbH","og_description":"Das sagen andere \u00fcber mich und meine Dienstleistungen &#8230; Doktorarbeit Martina hat mir beim Korrekturlesen meiner juristischen Doktorarbeit mit Rat und Tat beiseite gestanden \u2013 von der Erstkontaktaufnahme, dem Einhalten der vereinbarten Zwischenliefer- sowie dem Endliefertermin bis zur inhaltlichen Qualit\u00e4t und Genauigkeit kann ich Martina und die Wortspalterei fachlich wie menschlich nur vorbehaltlos empfehlen. Vielen [&hellip;]","og_url":"https:\/\/wortspalterei.ch\/?page_id=188","og_site_name":"Wortspalterei GmbH","article_modified_time":"2025-09-01T06:17:27+00:00","twitter_card":"summary_large_image","twitter_misc":{"Gesch\u00e4tzte Lesezeit":"1\u00a0Minute"},"schema":{"@context":"https:\/\/schema.org","@graph":[{"@type":"WebPage","@id":"https:\/\/wortspalterei.ch\/?page_id=188","url":"https:\/\/wortspalterei.ch\/?page_id=188","name":"Testimonials - Wortspalterei GmbH","isPartOf":{"@id":"https:\/\/wortspalterei.ch\/#website"},"datePublished":"2025-07-08T17:42:40+00:00","dateModified":"2025-09-01T06:17:27+00:00","breadcrumb":{"@id":"https:\/\/wortspalterei.ch\/?page_id=188#breadcrumb"},"inLanguage":"de","potentialAction":[{"@type":"ReadAction","target":["https:\/\/wortspalterei.ch\/?page_id=188"]}]},{"@type":"BreadcrumbList","@id":"https:\/\/wortspalterei.ch\/?page_id=188#breadcrumb","itemListElement":[{"@type":"ListItem","position":1,"name":"Startseite","item":"https:\/\/wortspalterei.ch\/"},{"@type":"ListItem","position":2,"name":"Testimonials"}]},{"@type":"WebSite","@id":"https:\/\/wortspalterei.ch\/#website","url":"https:\/\/wortspalterei.ch\/","name":"Wortspalterei GmbH","description":"","potentialAction":[{"@type":"SearchAction","target":{"@type":"EntryPoint","urlTemplate":"https:\/\/wortspalterei.ch\/?s={search_term_string}"},"query-input":{"@type":"PropertyValueSpecification","valueRequired":true,"valueName":"search_term_string"}}],"inLanguage":"de"}]}},"_links":{"self":[{"href":"https:\/\/wortspalterei.ch\/index.php?rest_route=\/wp\/v2\/pages\/188","targetHints":{"allow":["GET"]}}],"collection":[{"href":"https:\/\/wortspalterei.ch\/index.php?rest_route=\/wp\/v2\/pages"}],"about":[{"href":"https:\/\/wortspalterei.ch\/index.php?rest_route=\/wp\/v2\/types\/page"}],"author":[{"embeddable":true,"href":"https:\/\/wortspalterei.ch\/index.php?rest_route=\/wp\/v2\/users\/1"}],"replies":[{"embeddable":true,"href":"https:\/\/wortspalterei.ch\/index.php?rest_route=%2Fwp%2Fv2%2Fcomments&post=188"}],"version-history":[{"count":14,"href":"https:\/\/wortspalterei.ch\/index.php?rest_route=\/wp\/v2\/pages\/188\/revisions"}],"predecessor-version":[{"id":209,"href":"https:\/\/wortspalterei.ch\/index.php?rest_route=\/wp\/v2\/pages\/188\/revisions\/209"}],"wp:attachment":[{"href":"https:\/\/wortspalterei.ch\/index.php?rest_route=%2Fwp%2Fv2%2Fmedia&parent=188"}],"curies":[{"name":"wp","href":"https:\/\/api.w.org\/{rel}","templated":true}]}}